{"id":4354,"date":"2017-05-27T00:36:07","date_gmt":"2017-05-26T22:36:07","guid":{"rendered":"http:\/\/knitamin.de\/?page_id=4354"},"modified":"2023-04-06T14:05:48","modified_gmt":"2023-04-06T12:05:48","slug":"kontakt","status":"publish","type":"page","link":"https:\/\/knitamin.de\/?page_id=4354","title":{"rendered":"Kontakt"},"content":{"rendered":"<p>[vc_row][vc_column][vc_column_text]<\/p>\n<h3 style=\"text-align: center;\">Kontaktieren Sie uns.<\/h3>\n<h3 style=\"text-align: center;\">Per E-Mail, telefonisch oder pers\u00f6nlich:<\/h3>\n<p>&nbsp;<\/p>\n<p style=\"text-align: center;\">Knitamin<\/p>\n<p style=\"text-align: center;\">Christine Kr\u00fcger<\/p>\n<p style=\"text-align: center;\">Kastanienallee 15<\/p>\n<p style=\"text-align: center;\">21337 L\u00fcneburg<\/p>\n<p style=\"text-align: center;\">kontakt@knitamin.de<\/p>\n<p style=\"text-align: center;\">+49.40.18208173<\/p>\n<p style=\"text-align: center;\">+49.178.8788454<\/p>\n<h3 style=\"text-align: center;\">Wir freuen uns, von Ihnen zu h\u00f6ren!<\/h3>\n<p>[\/vc_column_text][\/vc_column][\/vc_row]<\/p>\n","protected":false},"excerpt":{"rendered":"<p>[vc_row][vc_column][vc_column_text] Kontaktieren Sie uns. Per E-Mail, telefonisch oder pers\u00f6nlich: &nbsp; Knitamin Christine Kr\u00fcger Kastanienallee 15 21337 L\u00fcneburg kontakt@knitamin.de +49.40.18208173 +49.178.8788454 Wir freuen uns, von Ihnen zu h\u00f6ren! [\/vc_column_text][\/vc_column][\/vc_row]<\/p>\n","protected":false},"author":1,"featured_media":0,"parent":0,"menu_order":0,"comment_status":"closed","ping_status":"closed","template":"","meta":[],"acf":[],"_links":{"self":[{"href":"https:\/\/knitamin.de\/index.php?rest_route=\/wp\/v2\/pages\/4354"}],"collection":[{"href":"https:\/\/knitamin.de\/index.php?rest_route=\/wp\/v2\/pages"}],"about":[{"href":"https:\/\/knitamin.de\/index.php?rest_route=\/wp\/v2\/types\/page"}],"author":[{"embeddable":true,"href":"https:\/\/knitamin.de\/index.php?rest_route=\/wp\/v2\/users\/1"}],"replies":[{"embeddable":true,"href":"https:\/\/knitamin.de\/index.php?rest_route=%2Fwp%2Fv2%2Fcomments&post=4354"}],"version-history":[{"count":10,"href":"https:\/\/knitamin.de\/index.php?rest_route=\/wp\/v2\/pages\/4354\/revisions"}],"predecessor-version":[{"id":4871,"href":"https:\/\/knitamin.de\/index.php?rest_route=\/wp\/v2\/pages\/4354\/revisions\/4871"}],"wp:attachment":[{"href":"https:\/\/knitamin.de\/index.php?rest_route=%2Fwp%2Fv2%2Fmedia&parent=4354"}],"curies":[{"name":"wp","href":"https:\/\/api.w.org\/{rel}","templated":true}]}}